{"id":2,"date":"2010-08-30T06:03:29","date_gmt":"2010-08-30T06:03:29","guid":{"rendered":"http:\/\/rene-gansen.com\/?page_id=2"},"modified":"2011-01-06T07:04:40","modified_gmt":"2011-01-06T07:04:40","slug":"about","status":"publish","type":"page","link":"http:\/\/rene-gansen.com\/?page_id=2","title":{"rendered":"Impressum"},"content":{"rendered":"<h1><span style=\"font-weight: normal; font-size: 13px;\">Angaben gem\u00c3\u00a4\u00c3\u0178 \u00c2\u00a7 5 TMG:<\/span><\/h1>\n<p>Rene Gansen<br \/>\nAuf der Rell 3<\/p>\n<p>54675 Geichlingen<\/p>\n<h2>Kontakt:<\/h2>\n<table>\n<tbody>\n<tr>\n<td>Telefon:<\/td>\n<td>+49 (0) 6566 933827<\/td>\n<\/tr>\n<tr>\n<td>E-Mail:<\/td>\n<td>rene.gansen(klammeraffe)gmail.com<\/td>\n<\/tr>\n<\/tbody>\n<\/table>\n<p>Quelle: <em>erstellt mit dem <a href=\"http:\/\/www.e-recht24.de\/impressum-generator.html\" target=\"_blank\">Impressum-Generator Website<\/a> von eRecht24.<\/em><\/p>\n<h2>Haftungsausschluss:<\/h2>\n<p><strong>Haftung f\u00c3\u00bcr Inhalte<\/strong><\/p>\n<p>Die Inhalte unserer Seiten wurden mit gr\u00c3\u00b6\u00c3\u0178ter Sorgfalt erstellt.<br \/>\nF\u00c3\u00bcr die Richtigkeit, Vollst\u00c3\u00a4ndigkeit und Aktualit\u00c3\u00a4t der Inhalte<br \/>\nk\u00c3\u00b6nnen wir jedoch keine Gew\u00c3\u00a4hr \u00c3\u00bcbernehmen. Als Diensteanbieter sind wir gem\u00c3\u00a4\u00c3\u0178 \u00c2\u00a7 7 Abs.1 TMG f\u00c3\u00bcr<br \/>\neigene Inhalte auf diesen Seiten nach den allgemeinen Gesetzen verantwortlich.<br \/>\nNach \u00c2\u00a7\u00c2\u00a7 8 bis 10 TMG sind wir als Diensteanbieter jedoch nicht<br \/>\nverpflichtet, \u00c3\u00bcbermittelte oder gespeicherte fremde Informationen zu<br \/>\n\u00c3\u00bcberwachen oder nach Umst\u00c3\u00a4nden zu forschen, die auf eine rechtswidrige<br \/>\nT\u00c3\u00a4tigkeit hinweisen. Verpflichtungen zur Entfernung oder Sperrung der<br \/>\nNutzung von Informationen nach den allgemeinen Gesetzen bleiben hiervon<br \/>\nunber\u00c3\u00bchrt. Eine diesbez\u00c3\u00bcgliche Haftung ist jedoch erst ab dem<br \/>\nZeitpunkt der Kenntnis einer konkreten Rechtsverletzung m\u00c3\u00b6glich. Bei<br \/>\nBekanntwerden von entsprechenden Rechtsverletzungen werden wir diese Inhalte<br \/>\numgehend entfernen.<\/p>\n<p><strong>Haftung f\u00c3\u00bcr Links<\/strong><\/p>\n<p>Unser Angebot enth\u00c3\u00a4lt Links zu externen Webseiten Dritter, auf deren<br \/>\nInhalte wir keinen Einfluss haben. Deshalb k\u00c3\u00b6nnen wir f\u00c3\u00bcr diese<br \/>\nfremden Inhalte auch keine Gew\u00c3\u00a4hr \u00c3\u00bcbernehmen. F\u00c3\u00bcr die Inhalte<br \/>\nder verlinkten Seiten ist stets der jeweilige Anbieter oder Betreiber der<br \/>\nSeiten verantwortlich. Die verlinkten Seiten wurden zum Zeitpunkt der Verlinkung<br \/>\nauf m\u00c3\u00b6gliche Rechtsverst\u00c3\u00b6\u00c3\u0178e \u00c3\u00bcberpr\u00c3\u00bcft. Rechtswidrige<br \/>\nInhalte waren zum Zeitpunkt der Verlinkung nicht erkennbar. Eine permanente<br \/>\ninhaltliche Kontrolle der verlinkten Seiten ist jedoch ohne konkrete Anhaltspunkte<br \/>\neiner Rechtsverletzung nicht zumutbar. Bei Bekanntwerden von Rechtsverletzungen<br \/>\nwerden wir derartige Links umgehend entfernen.<\/p>\n<p><strong>Urheberrecht<\/strong><\/p>\n<p>Die durch die Seitenbetreiber erstellten Inhalte und Werke auf diesen Seiten<br \/>\nunterliegen dem deutschen Urheberrecht. Die Vervielf\u00c3\u00a4ltigung, Bearbeitung, Verbreitung und<br \/>\njede Art der Verwertung au\u00c3\u0178erhalb der Grenzen des Urheberrechtes bed\u00c3\u00bcrfen<br \/>\nder schriftlichen Zustimmung des jeweiligen Autors bzw. Erstellers. Downloads<br \/>\nund Kopien dieser Seite sind nur f\u00c3\u00bcr den privaten, nicht kommerziellen<br \/>\nGebrauch gestattet. Soweit die Inhalte auf dieser Seite nicht vom Betreiber erstellt wurden,<br \/>\nwerden die Urheberrechte Dritter beachtet. Insbesondere werden Inhalte Dritter als solche<br \/>\ngekennzeichnet. Sollten Sie trotzdem auf eine Urheberrechtsverletzung aufmerksam werden, bitten wir um einen entsprechenden Hinweis.<br \/>\nBei Bekanntwerden von Rechtsverletzungen werden wir derartige Inhalte umgehend entfernen.<\/p>\n<p><strong>Datenschutz<\/strong><\/p>\n<p>Die Nutzung unserer Webseite ist in der Regel ohne Angabe personenbezogener Daten m\u00c3\u00b6glich. Soweit auf unseren Seiten personenbezogene Daten (beispielsweise Name,<br \/>\nAnschrift oder eMail-Adressen) erhoben werden, erfolgt dies, soweit m\u00c3\u00b6glich, stets auf freiwilliger Basis. Diese Daten werden ohne Ihre ausdr\u00c3\u00bcckliche Zustimmung nicht an Dritte weitergegeben.<\/p>\n<p>Wir weisen darauf hin, dass die Daten\u00c3\u00bcbertragung im Internet (z.B.<br \/>\nbei der Kommunikation per E-Mail) Sicherheitsl\u00c3\u00bccken aufweisen kann.<br \/>\nEin l\u00c3\u00bcckenloser Schutz der Daten vor dem Zugriff durch Dritte ist nicht<br \/>\nm\u00c3\u00b6glich.<\/p>\n<p>Der Nutzung von im Rahmen der Impressumspflicht ver\u00c3\u00b6ffentlichten Kontaktdaten<br \/>\ndurch Dritte zur \u00c3\u0153bersendung von nicht ausdr\u00c3\u00bccklich angeforderter<br \/>\nWerbung und Informationsmaterialien wird hiermit ausdr\u00c3\u00bccklich widersprochen.<br \/>\nDie Betreiber der Seiten behalten sich ausdr\u00c3\u00bccklich rechtliche Schritte<br \/>\nim Falle der unverlangten Zusendung von Werbeinformationen, etwa durch Spam-Mails,<br \/>\nvor.<\/p>\n<p>Quelle: <em><a href=\"http:\/\/www.e-recht24.de\/muster-disclaimer.htm\" target=\"_blank\">Disclaimer<\/a> von eRecht24, dem Portal zum Internetrecht von <a href=\"http:\/\/www.e-recht24.de\/\" target=\"_blank\">Rechtsanwalt<\/a> S\u00c3\u00b6ren Siebert.<\/em><\/p>\n<p><em><a href=\"http:\/\/www.rene-gansen.com\/wp-admin\/\">Administration<\/a><\/em><\/p>\n","protected":false},"excerpt":{"rendered":"<p>Angaben gem\u00c3\u00a4\u00c3\u0178 \u00c2\u00a7 5 TMG: Rene Gansen Auf der Rell 3 54675 Geichlingen Kontakt: Telefon: +49 (0) 6566 933827 E-Mail: rene.gansen(klammeraffe)gmail.com Quelle: erstellt mit dem Impressum-Generator Website von eRecht24. Haftungsausschluss: Haftung f\u00c3\u00bcr Inhalte Die Inhalte unserer Seiten wurden mit gr\u00c3\u00b6\u00c3\u0178ter Sorgfalt erstellt. F\u00c3\u00bcr die Richtigkeit, Vollst\u00c3\u00a4ndigkeit und Aktualit\u00c3\u00a4t der Inhalte k\u00c3\u00b6nnen wir jedoch keine Gew\u00c3\u00a4hr <span class=\"ellipsis\">&hellip;<\/span> <span class=\"more-link-wrap\"><a href=\"http:\/\/rene-gansen.com\/?page_id=2\" class=\"more-link\"><span>Read More &rarr;<\/span><\/a><\/span><\/p>\n","protected":false},"author":1,"featured_media":0,"parent":0,"menu_order":0,"comment_status":"closed","ping_status":"closed","template":"","meta":{"footnotes":""},"class_list":["post-2","page","type-page","status-publish","hentry"],"_links":{"self":[{"href":"http:\/\/rene-gansen.com\/index.php?rest_route=\/wp\/v2\/pages\/2","targetHints":{"allow":["GET"]}}],"collection":[{"href":"http:\/\/rene-gansen.com\/index.php?rest_route=\/wp\/v2\/pages"}],"about":[{"href":"http:\/\/rene-gansen.com\/index.php?rest_route=\/wp\/v2\/types\/page"}],"author":[{"embeddable":true,"href":"http:\/\/rene-gansen.com\/index.php?rest_route=\/wp\/v2\/users\/1"}],"replies":[{"embeddable":true,"href":"http:\/\/rene-gansen.com\/index.php?rest_route=%2Fwp%2Fv2%2Fcomments&post=2"}],"version-history":[{"count":0,"href":"http:\/\/rene-gansen.com\/index.php?rest_route=\/wp\/v2\/pages\/2\/revisions"}],"wp:attachment":[{"href":"http:\/\/rene-gansen.com\/index.php?rest_route=%2Fwp%2Fv2%2Fmedia&parent=2"}],"curies":[{"name":"wp","href":"https:\/\/api.w.org\/{rel}","templated":true}]}}